{"id":183,"date":"2025-08-09T16:32:05","date_gmt":"2025-08-09T14:32:05","guid":{"rendered":"https:\/\/testsklep.wroblewskiszymon.eu\/?post_type=product&#038;p=183"},"modified":"2025-08-11T19:42:55","modified_gmt":"2025-08-11T17:42:55","slug":"marynarka-slim-fit-z-welny","status":"publish","type":"product","link":"https:\/\/testsklep.wroblewskiszymon.eu\/?product=marynarka-slim-fit-z-welny","title":{"rendered":"Marynarka slim fit z we\u0142ny"},"content":{"rendered":"<p>Jednorz\u0119dowa marynarka wykonana z wysokogatunkowej we\u0142ny o subtelnym po\u0142ysku. Model slim podkre\u015bla sylwetk\u0119, posiada klasyczne klapy z wyci\u0119ciem, dwie kieszenie z patk\u0105 i wewn\u0119trzne kieszenie na dokumenty. Doskona\u0142a do biura i na formalne okazje.<br \/>\nSpecyfikacja: 80% we\u0142na virgin, 20% poliamid; podszycie: 100% wiskoza; zapi\u0119cie: 2 guziki; kolor: navy.<br \/>\nPiel\u0119gnacja: Czyszczenie chemiczne. Przechowywa\u0107 na wieszaku.<br \/>\nDopasowanie \/ rozmiary: Slim fit \u2014 zalecamy zam\u00f3wi\u0107 rozmiar zgodny z tabel\u0105 (je\u015bli klient nosi lu\u017aniej \u2014 +1 rozmiar).<br \/>\nStylizacja: Zestaw z bia\u0142\u0105 koszul\u0105, krawatem i grafitowymi spodniami garniturowymi.<\/p>\n","protected":false},"excerpt":{"rendered":"<p>Granatowa marynarka slim fit \u2014 elegancja i nowoczesne dopasowanie.<\/p>\n","protected":false},"featured_media":194,"comment_status":"open","ping_status":"closed","template":"","meta":{"site-sidebar-layout":"default","site-content-layout":"","ast-site-content-layout":"default","site-content-style":"default","site-sidebar-style":"default","ast-global-header-display":"","ast-banner-title-visibility":"","ast-main-header-display":"","ast-hfb-above-header-display":"","ast-hfb-below-header-display":"","ast-hfb-mobile-header-display":"","site-post-title":"","ast-breadcrumbs-content":"","ast-featured-img":"","footer-sml-layout":"","theme-transparent-header-meta":"default","adv-header-id-meta":"","stick-header-meta":"","header-above-stick-meta":"","header-main-stick-meta":"","header-below-stick-meta":"","astra-migrate-meta-layouts":"set","ast-page-background-enabled":"default","ast-page-background-meta":{"desktop":{"background-color":"var(--ast-global-color-5)","background-image":"","background-repeat":"repeat","background-position":"center center","background-size":"auto","background-attachment":"scroll","background-type":"","background-media":"","overlay-type":"","overlay-color":"","overlay-opacity":"","overlay-gradient":""},"tablet":{"background-color":"","background-image":"","background-repeat":"repeat","background-position":"center center","background-size":"auto","background-attachment":"scroll","background-type":"","background-media":"","overlay-type":"","overlay-color":"","overlay-opacity":"","overlay-gradient":""},"mobile":{"background-color":"","background-image":"","background-repeat":"repeat","background-position":"center center","background-size":"auto","background-attachment":"scroll","background-type":"","background-media":"","overlay-type":"","overlay-color":"","overlay-opacity":"","overlay-gradient":""}},"ast-content-background-meta":{"desktop":{"background-color":"var(--ast-global-color-4)","background-image":"","background-repeat":"repeat","background-position":"center center","background-size":"auto","background-attachment":"scroll","background-type":"","background-media":"","overlay-type":"","overlay-color":"","overlay-opacity":"","overlay-gradient":""},"tablet":{"background-color":"var(--ast-global-color-4)","background-image":"","background-repeat":"repeat","background-position":"center center","background-size":"auto","background-attachment":"scroll","background-type":"","background-media":"","overlay-type":"","overlay-color":"","overlay-opacity":"","overlay-gradient":""},"mobile":{"background-color":"var(--ast-global-color-4)","background-image":"","background-repeat":"repeat","background-position":"center center","background-size":"auto","background-attachment":"scroll","background-type":"","background-media":"","overlay-type":"","overlay-color":"","overlay-opacity":"","overlay-gradient":""}}},"product_brand":[],"product_cat":[37],"product_tag":[76,67],"class_list":{"0":"post-183","1":"product","2":"type-product","3":"status-publish","4":"has-post-thumbnail","6":"product_cat-marynarki","7":"product_tag-marynaka","8":"product_tag-meskie","9":"desktop-align-left","10":"tablet-align-left","11":"mobile-align-left","13":"first","14":"instock","15":"taxable","16":"shipping-taxable","17":"purchasable","18":"product-type-variable","19":"wvs-archive-product-wrapper"},"_links":{"self":[{"href":"https:\/\/testsklep.wroblewskiszymon.eu\/index.php?rest_route=\/wp\/v2\/product\/183","targetHints":{"allow":["GET"]}}],"collection":[{"href":"https:\/\/testsklep.wroblewskiszymon.eu\/index.php?rest_route=\/wp\/v2\/product"}],"about":[{"href":"https:\/\/testsklep.wroblewskiszymon.eu\/index.php?rest_route=\/wp\/v2\/types\/product"}],"replies":[{"embeddable":true,"href":"https:\/\/testsklep.wroblewskiszymon.eu\/index.php?rest_route=%2Fwp%2Fv2%2Fcomments&post=183"}],"wp:featuredmedia":[{"embeddable":true,"href":"https:\/\/testsklep.wroblewskiszymon.eu\/index.php?rest_route=\/wp\/v2\/media\/194"}],"wp:attachment":[{"href":"https:\/\/testsklep.wroblewskiszymon.eu\/index.php?rest_route=%2Fwp%2Fv2%2Fmedia&parent=183"}],"wp:term":[{"taxonomy":"product_brand","embeddable":true,"href":"https:\/\/testsklep.wroblewskiszymon.eu\/index.php?rest_route=%2Fwp%2Fv2%2Fproduct_brand&post=183"},{"taxonomy":"product_cat","embeddable":true,"href":"https:\/\/testsklep.wroblewskiszymon.eu\/index.php?rest_route=%2Fwp%2Fv2%2Fproduct_cat&post=183"},{"taxonomy":"product_tag","embeddable":true,"href":"https:\/\/testsklep.wroblewskiszymon.eu\/index.php?rest_route=%2Fwp%2Fv2%2Fproduct_tag&post=183"}],"curies":[{"name":"wp","href":"https:\/\/api.w.org\/{rel}","templated":true}]}}