{"id":206,"date":"2025-08-09T16:48:59","date_gmt":"2025-08-09T14:48:59","guid":{"rendered":"https:\/\/testsklep.wroblewskiszymon.eu\/?post_type=product&#038;p=206"},"modified":"2025-08-11T20:06:41","modified_gmt":"2025-08-11T18:06:41","slug":"krawat-jedwabny","status":"publish","type":"product","link":"https:\/\/testsklep.wroblewskiszymon.eu\/?product=krawat-jedwabny","title":{"rendered":"Krawat jedwabny"},"content":{"rendered":"<p>R\u0119cznie wyko\u0144czony krawat z cienkiej jedwabnej tkaniny, struktur\u0105 zapewniaj\u0105c\u0105 staranne wi\u0105zanie i \u0142adny w\u0119ze\u0142. Uniwersalna szeroko\u015b\u0107 pasuj\u0105ca do wi\u0119kszo\u015bci ko\u0142nierzy.<br \/>\nSpecyfikacja: 100% jedwab; szeroko\u015b\u0107: 7 cm; d\u0142ugo\u015b\u0107: standardowa ~150 cm.<br \/>\nPiel\u0119gnacja: Pranie chemiczne. Przechowywa\u0107 zwini\u0119ty.<br \/>\nStylizacja: Z bia\u0142\u0105 koszul\u0105 i granatowym garniturem.<\/p>\n","protected":false},"excerpt":{"rendered":"<p>Bordowy jedwabny krawat z subtelnym mikrowzorem \u2014 wyko\u0144czenie ka\u017cdej stylizacji.<\/p>\n","protected":false},"featured_media":210,"comment_status":"open","ping_status":"closed","template":"","meta":{"site-sidebar-layout":"default","site-content-layout":"","ast-site-content-layout":"default","site-content-style":"default","site-sidebar-style":"default","ast-global-header-display":"","ast-banner-title-visibility":"","ast-main-header-display":"","ast-hfb-above-header-display":"","ast-hfb-below-header-display":"","ast-hfb-mobile-header-display":"","site-post-title":"","ast-breadcrumbs-content":"","ast-featured-img":"","footer-sml-layout":"","theme-transparent-header-meta":"default","adv-header-id-meta":"","stick-header-meta":"","header-above-stick-meta":"","header-main-stick-meta":"","header-below-stick-meta":"","astra-migrate-meta-layouts":"set","ast-page-background-enabled":"default","ast-page-background-meta":{"desktop":{"background-color":"var(--ast-global-color-5)","background-image":"","background-repeat":"repeat","background-position":"center center","background-size":"auto","background-attachment":"scroll","background-type":"","background-media":"","overlay-type":"","overlay-color":"","overlay-opacity":"","overlay-gradient":""},"tablet":{"background-color":"","background-image":"","background-repeat":"repeat","background-position":"center center","background-size":"auto","background-attachment":"scroll","background-type":"","background-media":"","overlay-type":"","overlay-color":"","overlay-opacity":"","overlay-gradient":""},"mobile":{"background-color":"","background-image":"","background-repeat":"repeat","background-position":"center center","background-size":"auto","background-attachment":"scroll","background-type":"","background-media":"","overlay-type":"","overlay-color":"","overlay-opacity":"","overlay-gradient":""}},"ast-content-background-meta":{"desktop":{"background-color":"var(--ast-global-color-4)","background-image":"","background-repeat":"repeat","background-position":"center center","background-size":"auto","background-attachment":"scroll","background-type":"","background-media":"","overlay-type":"","overlay-color":"","overlay-opacity":"","overlay-gradient":""},"tablet":{"background-color":"var(--ast-global-color-4)","background-image":"","background-repeat":"repeat","background-position":"center center","background-size":"auto","background-attachment":"scroll","background-type":"","background-media":"","overlay-type":"","overlay-color":"","overlay-opacity":"","overlay-gradient":""},"mobile":{"background-color":"var(--ast-global-color-4)","background-image":"","background-repeat":"repeat","background-position":"center center","background-size":"auto","background-attachment":"scroll","background-type":"","background-media":"","overlay-type":"","overlay-color":"","overlay-opacity":"","overlay-gradient":""}}},"product_brand":[],"product_cat":[47,81,80],"product_tag":[],"class_list":{"0":"post-206","1":"product","2":"type-product","3":"status-publish","4":"has-post-thumbnail","6":"product_cat-akcesoria","7":"product_cat-akcesorie-damskie","8":"product_cat-akcesorie-meskie","9":"desktop-align-left","10":"tablet-align-left","11":"mobile-align-left","13":"first","14":"instock","15":"taxable","16":"shipping-taxable","17":"purchasable","18":"product-type-simple"},"_links":{"self":[{"href":"https:\/\/testsklep.wroblewskiszymon.eu\/index.php?rest_route=\/wp\/v2\/product\/206","targetHints":{"allow":["GET"]}}],"collection":[{"href":"https:\/\/testsklep.wroblewskiszymon.eu\/index.php?rest_route=\/wp\/v2\/product"}],"about":[{"href":"https:\/\/testsklep.wroblewskiszymon.eu\/index.php?rest_route=\/wp\/v2\/types\/product"}],"replies":[{"embeddable":true,"href":"https:\/\/testsklep.wroblewskiszymon.eu\/index.php?rest_route=%2Fwp%2Fv2%2Fcomments&post=206"}],"wp:featuredmedia":[{"embeddable":true,"href":"https:\/\/testsklep.wroblewskiszymon.eu\/index.php?rest_route=\/wp\/v2\/media\/210"}],"wp:attachment":[{"href":"https:\/\/testsklep.wroblewskiszymon.eu\/index.php?rest_route=%2Fwp%2Fv2%2Fmedia&parent=206"}],"wp:term":[{"taxonomy":"product_brand","embeddable":true,"href":"https:\/\/testsklep.wroblewskiszymon.eu\/index.php?rest_route=%2Fwp%2Fv2%2Fproduct_brand&post=206"},{"taxonomy":"product_cat","embeddable":true,"href":"https:\/\/testsklep.wroblewskiszymon.eu\/index.php?rest_route=%2Fwp%2Fv2%2Fproduct_cat&post=206"},{"taxonomy":"product_tag","embeddable":true,"href":"https:\/\/testsklep.wroblewskiszymon.eu\/index.php?rest_route=%2Fwp%2Fv2%2Fproduct_tag&post=206"}],"curies":[{"name":"wp","href":"https:\/\/api.w.org\/{rel}","templated":true}]}}