{"id":222,"date":"2025-08-09T17:02:34","date_gmt":"2025-08-09T15:02:34","guid":{"rendered":"https:\/\/testsklep.wroblewskiszymon.eu\/?post_type=product&#038;p=222"},"modified":"2025-08-11T19:41:34","modified_gmt":"2025-08-11T17:41:34","slug":"sweter-cienki-merino","status":"publish","type":"product","link":"https:\/\/testsklep.wroblewskiszymon.eu\/?product=sweter-cienki-merino","title":{"rendered":"Sweter cienki merino"},"content":{"rendered":"<p>Lekki sweter z mi\u0119kkiej w\u0142\u00f3czki merino o g\u0142adkim splocie, dekolt w serek. Daje komfort termiczny i elegancki wygl\u0105d bez zb\u0119dnej obj\u0119to\u015bci.<br \/>\nSpecyfikacja: 100% we\u0142na merino (extra fine); gramatura: lekka; kolor: ciemnoszary.<br \/>\nPiel\u0119gnacja: Pra\u0107 r\u0119cznie w ch\u0142odnej wodzie lub delikatne pranie w pralce; suszy\u0107 na p\u0142asko.<br \/>\nDopasowanie \/ rozmiary: Slim\/regular; nosi\u0107 dopasowany do koszuli.<br \/>\nStylizacja: Pod marynark\u0119 zamiast kamizelki na ch\u0142odniejsze dni.<\/p>\n","protected":false},"excerpt":{"rendered":"<p>Cienki sweter z merynosa \u2014 idealny pod marynark\u0119.<\/p>\n","protected":false},"featured_media":223,"comment_status":"open","ping_status":"closed","template":"","meta":{"site-sidebar-layout":"default","site-content-layout":"","ast-site-content-layout":"default","site-content-style":"default","site-sidebar-style":"default","ast-global-header-display":"","ast-banner-title-visibility":"","ast-main-header-display":"","ast-hfb-above-header-display":"","ast-hfb-below-header-display":"","ast-hfb-mobile-header-display":"","site-post-title":"","ast-breadcrumbs-content":"","ast-featured-img":"","footer-sml-layout":"","theme-transparent-header-meta":"default","adv-header-id-meta":"","stick-header-meta":"","header-above-stick-meta":"","header-main-stick-meta":"","header-below-stick-meta":"","astra-migrate-meta-layouts":"set","ast-page-background-enabled":"default","ast-page-background-meta":{"desktop":{"background-color":"var(--ast-global-color-5)","background-image":"","background-repeat":"repeat","background-position":"center center","background-size":"auto","background-attachment":"scroll","background-type":"","background-media":"","overlay-type":"","overlay-color":"","overlay-opacity":"","overlay-gradient":""},"tablet":{"background-color":"","background-image":"","background-repeat":"repeat","background-position":"center center","background-size":"auto","background-attachment":"scroll","background-type":"","background-media":"","overlay-type":"","overlay-color":"","overlay-opacity":"","overlay-gradient":""},"mobile":{"background-color":"","background-image":"","background-repeat":"repeat","background-position":"center center","background-size":"auto","background-attachment":"scroll","background-type":"","background-media":"","overlay-type":"","overlay-color":"","overlay-opacity":"","overlay-gradient":""}},"ast-content-background-meta":{"desktop":{"background-color":"var(--ast-global-color-4)","background-image":"","background-repeat":"repeat","background-position":"center center","background-size":"auto","background-attachment":"scroll","background-type":"","background-media":"","overlay-type":"","overlay-color":"","overlay-opacity":"","overlay-gradient":""},"tablet":{"background-color":"var(--ast-global-color-4)","background-image":"","background-repeat":"repeat","background-position":"center center","background-size":"auto","background-attachment":"scroll","background-type":"","background-media":"","overlay-type":"","overlay-color":"","overlay-opacity":"","overlay-gradient":""},"mobile":{"background-color":"var(--ast-global-color-4)","background-image":"","background-repeat":"repeat","background-position":"center center","background-size":"auto","background-attachment":"scroll","background-type":"","background-media":"","overlay-type":"","overlay-color":"","overlay-opacity":"","overlay-gradient":""}}},"product_brand":[],"product_cat":[41],"product_tag":[67,75],"class_list":{"0":"post-222","1":"product","2":"type-product","3":"status-publish","4":"has-post-thumbnail","6":"product_cat-swetry-meskie","7":"product_tag-meskie","8":"product_tag-sweter","9":"desktop-align-left","10":"tablet-align-left","11":"mobile-align-left","13":"first","14":"instock","15":"taxable","16":"shipping-taxable","17":"purchasable","18":"product-type-variable","19":"wvs-archive-product-wrapper"},"_links":{"self":[{"href":"https:\/\/testsklep.wroblewskiszymon.eu\/index.php?rest_route=\/wp\/v2\/product\/222","targetHints":{"allow":["GET"]}}],"collection":[{"href":"https:\/\/testsklep.wroblewskiszymon.eu\/index.php?rest_route=\/wp\/v2\/product"}],"about":[{"href":"https:\/\/testsklep.wroblewskiszymon.eu\/index.php?rest_route=\/wp\/v2\/types\/product"}],"replies":[{"embeddable":true,"href":"https:\/\/testsklep.wroblewskiszymon.eu\/index.php?rest_route=%2Fwp%2Fv2%2Fcomments&post=222"}],"wp:featuredmedia":[{"embeddable":true,"href":"https:\/\/testsklep.wroblewskiszymon.eu\/index.php?rest_route=\/wp\/v2\/media\/223"}],"wp:attachment":[{"href":"https:\/\/testsklep.wroblewskiszymon.eu\/index.php?rest_route=%2Fwp%2Fv2%2Fmedia&parent=222"}],"wp:term":[{"taxonomy":"product_brand","embeddable":true,"href":"https:\/\/testsklep.wroblewskiszymon.eu\/index.php?rest_route=%2Fwp%2Fv2%2Fproduct_brand&post=222"},{"taxonomy":"product_cat","embeddable":true,"href":"https:\/\/testsklep.wroblewskiszymon.eu\/index.php?rest_route=%2Fwp%2Fv2%2Fproduct_cat&post=222"},{"taxonomy":"product_tag","embeddable":true,"href":"https:\/\/testsklep.wroblewskiszymon.eu\/index.php?rest_route=%2Fwp%2Fv2%2Fproduct_tag&post=222"}],"curies":[{"name":"wp","href":"https:\/\/api.w.org\/{rel}","templated":true}]}}