{"id":236,"date":"2025-08-09T17:22:31","date_gmt":"2025-08-09T15:22:31","guid":{"rendered":"https:\/\/testsklep.wroblewskiszymon.eu\/?post_type=product&#038;p=236"},"modified":"2025-08-11T19:38:39","modified_gmt":"2025-08-11T17:38:39","slug":"szpilki-skorzane","status":"publish","type":"product","link":"https:\/\/testsklep.wroblewskiszymon.eu\/?product=szpilki-skorzane","title":{"rendered":"Szpilki sk\u00f3rzane"},"content":{"rendered":"<p>Wysokie szpilki z lakierowanej sk\u00f3ry, w\u0105ski nos i stabilny obcas 8 cm. Wn\u0119trze wy\u0142o\u017cone sk\u00f3r\u0105 dla komfortu, antypo\u015blizgowa podeszwa.<br \/>\nSpecyfikacja: Cholewka: sk\u00f3ra lakierowana; wn\u0119trze: sk\u00f3ra; obcas: 8 cm.<br \/>\nPiel\u0119gnacja: Czy\u015bci\u0107 specjaln\u0105 \u015bciereczk\u0105 do lakieru; przechowywa\u0107 z wype\u0142nieniem.<br \/>\nDopasowanie \/ rozmiary: Standardowe, je\u015bli w\u0105tpliwo\u015bci \u2014 rozmiar normalny.<br \/>\nStylizacja: Do sukienki o\u0142\u00f3wkowej lub eleganckich spodni.<\/p>\n","protected":false},"excerpt":{"rendered":"<p>Czarne lakierowane szpilki 8 cm \u2014 elegancka klasyka.<\/p>\n","protected":false},"featured_media":237,"comment_status":"open","ping_status":"closed","template":"","meta":{"site-sidebar-layout":"default","site-content-layout":"","ast-site-content-layout":"default","site-content-style":"default","site-sidebar-style":"default","ast-global-header-display":"","ast-banner-title-visibility":"","ast-main-header-display":"","ast-hfb-above-header-display":"","ast-hfb-below-header-display":"","ast-hfb-mobile-header-display":"","site-post-title":"","ast-breadcrumbs-content":"","ast-featured-img":"","footer-sml-layout":"","theme-transparent-header-meta":"default","adv-header-id-meta":"","stick-header-meta":"","header-above-stick-meta":"","header-main-stick-meta":"","header-below-stick-meta":"","astra-migrate-meta-layouts":"set","ast-page-background-enabled":"default","ast-page-background-meta":{"desktop":{"background-color":"var(--ast-global-color-5)","background-image":"","background-repeat":"repeat","background-position":"center center","background-size":"auto","background-attachment":"scroll","background-type":"","background-media":"","overlay-type":"","overlay-color":"","overlay-opacity":"","overlay-gradient":""},"tablet":{"background-color":"","background-image":"","background-repeat":"repeat","background-position":"center center","background-size":"auto","background-attachment":"scroll","background-type":"","background-media":"","overlay-type":"","overlay-color":"","overlay-opacity":"","overlay-gradient":""},"mobile":{"background-color":"","background-image":"","background-repeat":"repeat","background-position":"center center","background-size":"auto","background-attachment":"scroll","background-type":"","background-media":"","overlay-type":"","overlay-color":"","overlay-opacity":"","overlay-gradient":""}},"ast-content-background-meta":{"desktop":{"background-color":"var(--ast-global-color-4)","background-image":"","background-repeat":"repeat","background-position":"center center","background-size":"auto","background-attachment":"scroll","background-type":"","background-media":"","overlay-type":"","overlay-color":"","overlay-opacity":"","overlay-gradient":""},"tablet":{"background-color":"var(--ast-global-color-4)","background-image":"","background-repeat":"repeat","background-position":"center center","background-size":"auto","background-attachment":"scroll","background-type":"","background-media":"","overlay-type":"","overlay-color":"","overlay-opacity":"","overlay-gradient":""},"mobile":{"background-color":"var(--ast-global-color-4)","background-image":"","background-repeat":"repeat","background-position":"center center","background-size":"auto","background-attachment":"scroll","background-type":"","background-media":"","overlay-type":"","overlay-color":"","overlay-opacity":"","overlay-gradient":""}}},"product_brand":[],"product_cat":[46],"product_tag":[73,68,66],"class_list":{"0":"post-236","1":"product","2":"type-product","3":"status-publish","4":"has-post-thumbnail","6":"product_cat-buty-damskie","7":"product_tag-buty","8":"product_tag-damskie","9":"product_tag-skora","10":"desktop-align-left","11":"tablet-align-left","12":"mobile-align-left","14":"first","15":"instock","16":"taxable","17":"shipping-taxable","18":"purchasable","19":"product-type-variable","20":"wvs-archive-product-wrapper"},"_links":{"self":[{"href":"https:\/\/testsklep.wroblewskiszymon.eu\/index.php?rest_route=\/wp\/v2\/product\/236","targetHints":{"allow":["GET"]}}],"collection":[{"href":"https:\/\/testsklep.wroblewskiszymon.eu\/index.php?rest_route=\/wp\/v2\/product"}],"about":[{"href":"https:\/\/testsklep.wroblewskiszymon.eu\/index.php?rest_route=\/wp\/v2\/types\/product"}],"replies":[{"embeddable":true,"href":"https:\/\/testsklep.wroblewskiszymon.eu\/index.php?rest_route=%2Fwp%2Fv2%2Fcomments&post=236"}],"wp:featuredmedia":[{"embeddable":true,"href":"https:\/\/testsklep.wroblewskiszymon.eu\/index.php?rest_route=\/wp\/v2\/media\/237"}],"wp:attachment":[{"href":"https:\/\/testsklep.wroblewskiszymon.eu\/index.php?rest_route=%2Fwp%2Fv2%2Fmedia&parent=236"}],"wp:term":[{"taxonomy":"product_brand","embeddable":true,"href":"https:\/\/testsklep.wroblewskiszymon.eu\/index.php?rest_route=%2Fwp%2Fv2%2Fproduct_brand&post=236"},{"taxonomy":"product_cat","embeddable":true,"href":"https:\/\/testsklep.wroblewskiszymon.eu\/index.php?rest_route=%2Fwp%2Fv2%2Fproduct_cat&post=236"},{"taxonomy":"product_tag","embeddable":true,"href":"https:\/\/testsklep.wroblewskiszymon.eu\/index.php?rest_route=%2Fwp%2Fv2%2Fproduct_tag&post=236"}],"curies":[{"name":"wp","href":"https:\/\/api.w.org\/{rel}","templated":true}]}}