{"id":239,"date":"2025-08-09T17:23:31","date_gmt":"2025-08-09T15:23:31","guid":{"rendered":"https:\/\/testsklep.wroblewskiszymon.eu\/?post_type=product&#038;p=239"},"modified":"2025-08-11T20:06:16","modified_gmt":"2025-08-11T18:06:16","slug":"torebka-kopertowa","status":"publish","type":"product","link":"https:\/\/testsklep.wroblewskiszymon.eu\/?product=torebka-kopertowa","title":{"rendered":"Torebka kopertowa"},"content":{"rendered":"<p>Kompaktowa kopert\u00f3wka z g\u0142adkiej sk\u00f3ry, z odpinanym paskiem na rami\u0119 i zapi\u0119ciem magnetycznym. Wystarczaj\u0105ca na telefon, portfel i drobne akcesoria.<br \/>\nSpecyfikacja: Sk\u00f3ra naturalna; wymiary: 24 \u00d7 14 \u00d7 4 cm; zapi\u0119cie: magnetyczne.<br \/>\nPiel\u0119gnacja: Czy\u015bci\u0107 mi\u0119kk\u0105 wilgotn\u0105 \u015bciereczk\u0105; stosowa\u0107 od\u017cywk\u0119 do sk\u00f3ry.<br \/>\nStylizacja: Jako akcent do czarnej sukienki lub zestawu kolorystycznego.<\/p>\n","protected":false},"excerpt":{"rendered":"<p>Czerwona sk\u00f3rzana kopert\u00f3wka z odpinanym paskiem \u2014 akcent kolorystyczny.<\/p>\n","protected":false},"featured_media":188,"comment_status":"open","ping_status":"closed","template":"","meta":{"site-sidebar-layout":"default","site-content-layout":"","ast-site-content-layout":"default","site-content-style":"default","site-sidebar-style":"default","ast-global-header-display":"","ast-banner-title-visibility":"","ast-main-header-display":"","ast-hfb-above-header-display":"","ast-hfb-below-header-display":"","ast-hfb-mobile-header-display":"","site-post-title":"","ast-breadcrumbs-content":"","ast-featured-img":"","footer-sml-layout":"","theme-transparent-header-meta":"default","adv-header-id-meta":"","stick-header-meta":"","header-above-stick-meta":"","header-main-stick-meta":"","header-below-stick-meta":"","astra-migrate-meta-layouts":"set","ast-page-background-enabled":"default","ast-page-background-meta":{"desktop":{"background-color":"var(--ast-global-color-5)","background-image":"","background-repeat":"repeat","background-position":"center center","background-size":"auto","background-attachment":"scroll","background-type":"","background-media":"","overlay-type":"","overlay-color":"","overlay-opacity":"","overlay-gradient":""},"tablet":{"background-color":"","background-image":"","background-repeat":"repeat","background-position":"center center","background-size":"auto","background-attachment":"scroll","background-type":"","background-media":"","overlay-type":"","overlay-color":"","overlay-opacity":"","overlay-gradient":""},"mobile":{"background-color":"","background-image":"","background-repeat":"repeat","background-position":"center center","background-size":"auto","background-attachment":"scroll","background-type":"","background-media":"","overlay-type":"","overlay-color":"","overlay-opacity":"","overlay-gradient":""}},"ast-content-background-meta":{"desktop":{"background-color":"var(--ast-global-color-4)","background-image":"","background-repeat":"repeat","background-position":"center center","background-size":"auto","background-attachment":"scroll","background-type":"","background-media":"","overlay-type":"","overlay-color":"","overlay-opacity":"","overlay-gradient":""},"tablet":{"background-color":"var(--ast-global-color-4)","background-image":"","background-repeat":"repeat","background-position":"center center","background-size":"auto","background-attachment":"scroll","background-type":"","background-media":"","overlay-type":"","overlay-color":"","overlay-opacity":"","overlay-gradient":""},"mobile":{"background-color":"var(--ast-global-color-4)","background-image":"","background-repeat":"repeat","background-position":"center center","background-size":"auto","background-attachment":"scroll","background-type":"","background-media":"","overlay-type":"","overlay-color":"","overlay-opacity":"","overlay-gradient":""}}},"product_brand":[],"product_cat":[47,81],"product_tag":[68,66],"class_list":{"0":"post-239","1":"product","2":"type-product","3":"status-publish","4":"has-post-thumbnail","6":"product_cat-akcesoria","7":"product_cat-akcesorie-damskie","8":"product_tag-damskie","9":"product_tag-skora","10":"desktop-align-left","11":"tablet-align-left","12":"mobile-align-left","14":"first","15":"instock","16":"taxable","17":"shipping-taxable","18":"purchasable","19":"product-type-simple"},"_links":{"self":[{"href":"https:\/\/testsklep.wroblewskiszymon.eu\/index.php?rest_route=\/wp\/v2\/product\/239","targetHints":{"allow":["GET"]}}],"collection":[{"href":"https:\/\/testsklep.wroblewskiszymon.eu\/index.php?rest_route=\/wp\/v2\/product"}],"about":[{"href":"https:\/\/testsklep.wroblewskiszymon.eu\/index.php?rest_route=\/wp\/v2\/types\/product"}],"replies":[{"embeddable":true,"href":"https:\/\/testsklep.wroblewskiszymon.eu\/index.php?rest_route=%2Fwp%2Fv2%2Fcomments&post=239"}],"wp:featuredmedia":[{"embeddable":true,"href":"https:\/\/testsklep.wroblewskiszymon.eu\/index.php?rest_route=\/wp\/v2\/media\/188"}],"wp:attachment":[{"href":"https:\/\/testsklep.wroblewskiszymon.eu\/index.php?rest_route=%2Fwp%2Fv2%2Fmedia&parent=239"}],"wp:term":[{"taxonomy":"product_brand","embeddable":true,"href":"https:\/\/testsklep.wroblewskiszymon.eu\/index.php?rest_route=%2Fwp%2Fv2%2Fproduct_brand&post=239"},{"taxonomy":"product_cat","embeddable":true,"href":"https:\/\/testsklep.wroblewskiszymon.eu\/index.php?rest_route=%2Fwp%2Fv2%2Fproduct_cat&post=239"},{"taxonomy":"product_tag","embeddable":true,"href":"https:\/\/testsklep.wroblewskiszymon.eu\/index.php?rest_route=%2Fwp%2Fv2%2Fproduct_tag&post=239"}],"curies":[{"name":"wp","href":"https:\/\/api.w.org\/{rel}","templated":true}]}}